{"id":4419,"date":"2019-02-20T11:06:04","date_gmt":"2019-02-20T11:06:04","guid":{"rendered":"https:\/\/skipsmaritiem.xdialogue-demo.nl\/yachtservice-en-refit\/"},"modified":"2026-02-25T13:52:34","modified_gmt":"2026-02-25T11:52:34","slug":"yachtservice-en-refit","status":"publish","type":"page","link":"https:\/\/www.skipsmaritiem.nl\/de\/yachtservice-en-refit\/","title":{"rendered":"Yachtservice &#038; Refit"},"content":{"rendered":"<div class=\"wpb-content-wrapper\">[vc_row][vc_column width=&#8220;1\/2&#8243;][vc_column_text css=&#8220;.vc_custom_1553695284453{margin-top: 80px !important;}&#8220;]\n<h1>Yachtservice &amp; Refit<\/h1>\n<p class=\"lead\">Eine Adresse f\u00fcr Yachtservice &amp; Refit<\/p>\n<p>Die Yachtservice &amp; Refit-Betriebe von SkipsMaritiem sind professionelle Allround-Organisationen, in denen Ihnen echte Spezialisten fachkundig weiterhelfen. Yachtservice, Refit, Takelage, \u00dcberholung von Motoren oder der Einbau technischer Anlagen auf dem neusten Stand der Technik sind f\u00fcr uns ein Kinderspiel. Wir beherrschen alle Fachrichtungen, Ihr Schiff braucht somit nur einmalig aus dem Wasser gehoben zu werden.[\/vc_column_text][vc_column_text]<a class=\"btn btn-secundary modal-button\" href=\"https:\/\/www.yachtservicerefit.nl\/de\/\" target=\"_blank\" rel=\"noopener noreferrer\">Besuchen Sie unsere Yachtservice &amp; Refit Website<br \/>\n<\/a>[\/vc_column_text][\/vc_column][vc_column width=&#8220;1\/2&#8243;][vc_gallery images=&#8220;4168,4156,4158,4160&#8243; img_size=&#8220;medium&#8220; columns=&#8220;2&#8243; masonry=&#8220;fitRows&#8220;][\/vc_column][\/vc_row][vc_row full_width=&#8220;stretch_row&#8220; parallax=&#8220;content-moving&#8220; parallax_image=&#8220;4162&#8243; parallax_layers=&#8220;yes&#8220; video_cover=&#8220;3486&#8243; el_class=&#8220;content-padding-mobile-none&#8220;][vc_column width=&#8220;2\/3&#8243; offset=&#8220;vc_col-sm-offset-2&#8243; el_class=&#8220;text-center white-box content-padding&#8220;][vc_column_text css=&#8220;.vc_custom_1550672968170{padding-bottom: 30px !important;}&#8220;]\n<h2 class=\"text-center\">SkipsMaritiem Yachtservice &amp; Refit<\/h2>\n[\/vc_column_text][vc_row_inner][vc_column_inner width=&#8220;1\/3&#8243;][vc_column_text]\n<h4 class=\"testimonial-title\">Yachtservice<\/h4>\n<p style=\"text-align: left;\"><strong><em>Reparaturen und Wartung<\/em><\/strong><br \/>\nOb es um Takelagen oder Anstriche, Arbeiten am Motor oder an der Elektronik Ihres Schiffes oder etwa Konstruktionsarbeiten geht, ein fachkundiges Team von enthusiastischen Mitarbeitern steht zu Ihren Diensten. In der Ausf\u00fchrung der Arbeiten ist man ad\u00e4quat und flexibel.<\/p>\n[\/vc_column_text][\/vc_column_inner][vc_column_inner width=&#8220;1\/3&#8243;][vc_column_text]\n<h4 class=\"testimonial-title\">Refit<\/h4>\n<p style=\"text-align: left;\"><strong><em>Neues Outfit<\/em><\/strong><br \/>\nWenn ein Schiff \u00e4lter wird, ist es ab und zu notwenig, seinem Schiff eine neues Outfit zu verpassen. Dies nennen wir refitten. SkipsMaritiem hat hierf\u00fcr die notwendige Erfahrung und Fachkenntnis im Haus. In einem pers\u00f6nlichen Gespr\u00e4ch erkl\u00e4ren Ihnen unsere Fachleute gerne alle M\u00f6glichkeiten.<\/p>\n[\/vc_column_text][\/vc_column_inner][vc_column_inner width=&#8220;1\/3&#8243;][vc_column_text]\n<h4 class=\"testimonial-title\">SkipsClean<\/h4>\n<p style=\"text-align: left;\"><strong><em>Wie aus dem Ei gepellt<\/em><\/strong><br \/>\nSchalten Sie f\u00fcr alle Arten von Reinigungsarbeiten &#8211; sowohl innen als auch au\u00dfen &#8211; SkipsClean ein. Dieser professionelle Reinigungsservice arbeitet unter dem YachtService &amp; Refit. SkipsClean informiert Sie gern \u00fcber die verschiedenen Programme und M\u00f6glichkeiten.<\/p>\n[\/vc_column_text][\/vc_column_inner][\/vc_row_inner][\/vc_column][\/vc_row][vc_row full_width=&#8220;stretch_row&#8220; css=&#8220;.vc_custom_1550674932784{background-position: center !important;background-repeat: no-repeat !important;background-size: cover !important;}&#8220;][vc_column width=&#8220;1\/2&#8243;][vc_single_image image=&#8220;13965&#8243; img_size=&#8220;large&#8220;][\/vc_column][vc_column width=&#8220;1\/2&#8243;][vc_column_text css=&#8220;.vc_custom_1554468556974{padding-top: 80px !important;}&#8220;]\n<h2>Unsere Niederlassungen<\/h2>\n<p class=\"lead\">Vereinbaren Sie einen Termin mit einer unserer Niederlassungen.<br \/>\nK\u00f6nnen Sie Ihr Boot nicht selber zum entsprechenden Hafen fahren? Nutzen Sie dann unseren Abholservice. Wir holen Ihr Boot an Ihrem heutigen Liegeplatz ab.<\/p>\n[\/vc_column_text][\/vc_column][vc_column width=&#8220;1\/2&#8243; offset=&#8220;vc_col-sm-offset-3&#8243; css=&#8220;.vc_custom_1411467083077{margin-top: 5.6rem !important;}&#8220;][vc_column_text css=&#8220;&#8220;]\n<h2 class=\"text-uppercase text-center\" style=\"text-align: center;\">Yachtservice &amp; Refit Niederlassungen<\/h2>\n<table class=\"table table-responsive\">\n<tbody>\n<tr>\n<td class=\"text-left\" style=\"text-align: center;\"><a href=\"https:\/\/www.jachthavenhindeloopen.nl\/de\/yachtservice-en-refit\/\"><strong>Jachthaven Hindeloopen\u00a0<\/strong><strong>Yachtservice &amp; Refit<\/strong><\/a><\/td>\n<\/tr>\n<tr>\n<td class=\"text-left\" style=\"text-align: center;\"><strong><a href=\"https:\/\/www.marinastavoren.nl\/de\/yachtservice-refit\/\" target=\"_blank\" rel=\"noopener noreferrer\"><b>Marina Stavoren\u00a0<\/b><b>Yachtservice<\/b><\/a><\/strong><\/td>\n<\/tr>\n<tr>\n<td class=\"text-left\" style=\"text-align: center;\"><a href=\"https:\/\/www.friesehoek.nl\/yachtservice-refit\/\"><strong>Jachthaven Friese Hoek Yachtservice &amp; Refit<\/strong><\/a><\/td>\n<\/tr>\n<tr>\n<td class=\"text-left\" style=\"text-align: center;\"><\/td>\n<\/tr>\n<\/tbody>\n<\/table>\n[\/vc_column_text][\/vc_column][\/vc_row]\n<\/div>","protected":false},"excerpt":{"rendered":"<p>[vc_row][vc_column width=&#8220;1\/2&#8243;][vc_column_text css=&#8220;.vc_custom_1553695284453{margin-top: 80px !important;}&#8220;] Yachtservice &amp; Refit Eine Adresse f\u00fcr Yachtservice &amp; Refit Die Yachtservice &amp; Refit-Betriebe von SkipsMaritiem sind professionelle Allround-Organisationen, in denen Ihnen echte Spezialisten fachkundig weiterhelfen. Yachtservice, Refit, Takelage, \u00dcberholung von Motoren oder der Einbau technischer Anlagen auf dem neusten Stand der Technik sind f\u00fcr uns ein Kinderspiel. Wir beherrschen alle Fachrichtungen, Ihr Schiff braucht somit [&hellip;]<\/p>\n","protected":false},"author":1,"featured_media":0,"parent":0,"menu_order":0,"comment_status":"closed","ping_status":"closed","template":"","meta":{"footnotes":""},"class_list":["post-4419","page","type-page","status-publish","hentry"],"yoast_head":"<!-- This site is optimized with the Yoast SEO plugin v27.4 - https:\/\/yoast.com\/product\/yoast-seo-wordpress\/ -->\n<title>Yachtservice &amp; Refit - SkipsMaritiem<\/title>\n<meta name=\"description\" content=\"Die Yachtservice &amp; Refit-Betriebe von SkipsMaritiem sind professionelle Allround-Organisationen, in denen Ihnen echte Spezialisten fachkundig weiterhelfen.\" \/>\n<meta name=\"robots\" content=\"index, follow, max-snippet:-1, max-image-preview:large, max-video-preview:-1\" \/>\n<link rel=\"canonical\" href=\"https:\/\/www.skipsmaritiem.nl\/de\/yachtservice-en-refit\/\" \/>\n<meta property=\"og:locale\" content=\"de_DE\" \/>\n<meta property=\"og:type\" content=\"article\" \/>\n<meta property=\"og:title\" content=\"Yachtservice &amp; Refit - SkipsMaritiem\" \/>\n<meta property=\"og:description\" content=\"Die Yachtservice &amp; Refit-Betriebe von SkipsMaritiem sind professionelle Allround-Organisationen, in denen Ihnen echte Spezialisten fachkundig weiterhelfen.\" \/>\n<meta property=\"og:url\" content=\"https:\/\/www.skipsmaritiem.nl\/de\/yachtservice-en-refit\/\" \/>\n<meta property=\"og:site_name\" content=\"SkipsMaritiem\" \/>\n<meta property=\"article:modified_time\" content=\"2026-02-25T11:52:34+00:00\" \/>\n<meta name=\"twitter:card\" content=\"summary_large_image\" \/>\n<meta name=\"twitter:label1\" content=\"Gesch\u00e4tzte Lesezeit\" \/>\n\t<meta name=\"twitter:data1\" content=\"3\u00a0Minuten\" \/>\n<script type=\"application\/ld+json\" class=\"yoast-schema-graph\">{\"@context\":\"https:\\\/\\\/schema.org\",\"@graph\":[{\"@type\":\"WebPage\",\"@id\":\"https:\\\/\\\/www.skipsmaritiem.nl\\\/de\\\/yachtservice-en-refit\\\/\",\"url\":\"https:\\\/\\\/www.skipsmaritiem.nl\\\/de\\\/yachtservice-en-refit\\\/\",\"name\":\"Yachtservice & Refit - SkipsMaritiem\",\"isPartOf\":{\"@id\":\"https:\\\/\\\/www.skipsmaritiem.nl\\\/de\\\/#website\"},\"datePublished\":\"2019-02-20T11:06:04+00:00\",\"dateModified\":\"2026-02-25T11:52:34+00:00\",\"description\":\"Die Yachtservice & Refit-Betriebe von SkipsMaritiem sind professionelle Allround-Organisationen, in denen Ihnen echte Spezialisten fachkundig weiterhelfen.\",\"breadcrumb\":{\"@id\":\"https:\\\/\\\/www.skipsmaritiem.nl\\\/de\\\/yachtservice-en-refit\\\/#breadcrumb\"},\"inLanguage\":\"de\",\"potentialAction\":[{\"@type\":\"ReadAction\",\"target\":[\"https:\\\/\\\/www.skipsmaritiem.nl\\\/de\\\/yachtservice-en-refit\\\/\"]}]},{\"@type\":\"BreadcrumbList\",\"@id\":\"https:\\\/\\\/www.skipsmaritiem.nl\\\/de\\\/yachtservice-en-refit\\\/#breadcrumb\",\"itemListElement\":[{\"@type\":\"ListItem\",\"position\":1,\"name\":\"Home\",\"item\":\"https:\\\/\\\/www.skipsmaritiem.nl\\\/de\\\/\"},{\"@type\":\"ListItem\",\"position\":2,\"name\":\"Yachtservice &#038; Refit\"}]},{\"@type\":\"WebSite\",\"@id\":\"https:\\\/\\\/www.skipsmaritiem.nl\\\/de\\\/#website\",\"url\":\"https:\\\/\\\/www.skipsmaritiem.nl\\\/de\\\/\",\"name\":\"SkipsMaritiem\",\"description\":\"Optimaal genieten van de watersport\",\"potentialAction\":[{\"@type\":\"SearchAction\",\"target\":{\"@type\":\"EntryPoint\",\"urlTemplate\":\"https:\\\/\\\/www.skipsmaritiem.nl\\\/de\\\/?s={search_term_string}\"},\"query-input\":{\"@type\":\"PropertyValueSpecification\",\"valueRequired\":true,\"valueName\":\"search_term_string\"}}],\"inLanguage\":\"de\"}]}<\/script>\n<!-- \/ Yoast SEO plugin. -->","yoast_head_json":{"title":"Yachtservice & Refit - SkipsMaritiem","description":"Die Yachtservice & Refit-Betriebe von SkipsMaritiem sind professionelle Allround-Organisationen, in denen Ihnen echte Spezialisten fachkundig weiterhelfen.","robots":{"index":"index","follow":"follow","max-snippet":"max-snippet:-1","max-image-preview":"max-image-preview:large","max-video-preview":"max-video-preview:-1"},"canonical":"https:\/\/www.skipsmaritiem.nl\/de\/yachtservice-en-refit\/","og_locale":"de_DE","og_type":"article","og_title":"Yachtservice & Refit - SkipsMaritiem","og_description":"Die Yachtservice & Refit-Betriebe von SkipsMaritiem sind professionelle Allround-Organisationen, in denen Ihnen echte Spezialisten fachkundig weiterhelfen.","og_url":"https:\/\/www.skipsmaritiem.nl\/de\/yachtservice-en-refit\/","og_site_name":"SkipsMaritiem","article_modified_time":"2026-02-25T11:52:34+00:00","twitter_card":"summary_large_image","twitter_misc":{"Gesch\u00e4tzte Lesezeit":"3\u00a0Minuten"},"schema":{"@context":"https:\/\/schema.org","@graph":[{"@type":"WebPage","@id":"https:\/\/www.skipsmaritiem.nl\/de\/yachtservice-en-refit\/","url":"https:\/\/www.skipsmaritiem.nl\/de\/yachtservice-en-refit\/","name":"Yachtservice & Refit - SkipsMaritiem","isPartOf":{"@id":"https:\/\/www.skipsmaritiem.nl\/de\/#website"},"datePublished":"2019-02-20T11:06:04+00:00","dateModified":"2026-02-25T11:52:34+00:00","description":"Die Yachtservice & Refit-Betriebe von SkipsMaritiem sind professionelle Allround-Organisationen, in denen Ihnen echte Spezialisten fachkundig weiterhelfen.","breadcrumb":{"@id":"https:\/\/www.skipsmaritiem.nl\/de\/yachtservice-en-refit\/#breadcrumb"},"inLanguage":"de","potentialAction":[{"@type":"ReadAction","target":["https:\/\/www.skipsmaritiem.nl\/de\/yachtservice-en-refit\/"]}]},{"@type":"BreadcrumbList","@id":"https:\/\/www.skipsmaritiem.nl\/de\/yachtservice-en-refit\/#breadcrumb","itemListElement":[{"@type":"ListItem","position":1,"name":"Home","item":"https:\/\/www.skipsmaritiem.nl\/de\/"},{"@type":"ListItem","position":2,"name":"Yachtservice &#038; Refit"}]},{"@type":"WebSite","@id":"https:\/\/www.skipsmaritiem.nl\/de\/#website","url":"https:\/\/www.skipsmaritiem.nl\/de\/","name":"SkipsMaritiem","description":"Optimaal genieten van de watersport","potentialAction":[{"@type":"SearchAction","target":{"@type":"EntryPoint","urlTemplate":"https:\/\/www.skipsmaritiem.nl\/de\/?s={search_term_string}"},"query-input":{"@type":"PropertyValueSpecification","valueRequired":true,"valueName":"search_term_string"}}],"inLanguage":"de"}]}},"_links":{"self":[{"href":"https:\/\/www.skipsmaritiem.nl\/de\/wp-json\/wp\/v2\/pages\/4419","targetHints":{"allow":["GET"]}}],"collection":[{"href":"https:\/\/www.skipsmaritiem.nl\/de\/wp-json\/wp\/v2\/pages"}],"about":[{"href":"https:\/\/www.skipsmaritiem.nl\/de\/wp-json\/wp\/v2\/types\/page"}],"author":[{"embeddable":true,"href":"https:\/\/www.skipsmaritiem.nl\/de\/wp-json\/wp\/v2\/users\/1"}],"replies":[{"embeddable":true,"href":"https:\/\/www.skipsmaritiem.nl\/de\/wp-json\/wp\/v2\/comments?post=4419"}],"version-history":[{"count":17,"href":"https:\/\/www.skipsmaritiem.nl\/de\/wp-json\/wp\/v2\/pages\/4419\/revisions"}],"predecessor-version":[{"id":14371,"href":"https:\/\/www.skipsmaritiem.nl\/de\/wp-json\/wp\/v2\/pages\/4419\/revisions\/14371"}],"wp:attachment":[{"href":"https:\/\/www.skipsmaritiem.nl\/de\/wp-json\/wp\/v2\/media?parent=4419"}],"curies":[{"name":"wp","href":"https:\/\/api.w.org\/{rel}","templated":true}]}}