{"id":4408,"date":"2019-02-21T11:37:02","date_gmt":"2019-02-21T11:37:02","guid":{"rendered":"https:\/\/skipsmaritiem.xdialogue-demo.nl\/skipswinkel\/"},"modified":"2026-02-25T14:17:40","modified_gmt":"2026-02-25T12:17:40","slug":"skipswinkel","status":"publish","type":"page","link":"https:\/\/www.skipsmaritiem.nl\/de\/skipswinkel\/","title":{"rendered":"SkipsWinkel"},"content":{"rendered":"<div class=\"wpb-content-wrapper\">[vc_row][vc_column width=&#8220;1\/2&#8243;][vc_column_text css=&#8220;.vc_custom_1732021217024{margin-top: 80px !important;}&#8220;]\n<h1>Skipswinkel<\/h1>\n<p class=\"lead\">Sortiment f\u00fcr alle Altersgruppen<\/p>\n<p>Auf der Suche nach Unterteilen f\u00fcr Ihr Schiff, Accessoires f\u00fcr die Schiffseinrichtung, hochqualitative Segelkleidung oder nach modischer Freizeitkleidung? Dan hei\u00dfen wir Sie gerne in einem unserer Wassersportgesch\u00e4fte willkommen. In unseren Gesch\u00e4ften in Hindeloopen, Stavoren, Lemmer und Sneek f\u00fchren wir in allen Bereichen ein umfangreiches Sortiment. Sowohl Alt als auch Jung kann hier etwas nach seinem Wunsch finden. Garantiert![\/vc_column_text][vc_column_text]<a class=\"btn btn-secundary modal-button\" href=\"https:\/\/www.skipswinkel.com\" target=\"_blank\" rel=\"noopener noreferrer\">Besuchen Sie unsere SkipsWinkel Website<\/a>[\/vc_column_text][\/vc_column][vc_column width=&#8220;1\/2&#8243;][vc_gallery images=&#8220;4182,4184,4186,4188&#8243; img_size=&#8220;medium&#8220; columns=&#8220;2&#8243; masonry=&#8220;fitRows&#8220;][\/vc_column][\/vc_row][vc_row full_width=&#8220;stretch_row&#8220; parallax=&#8220;content-moving&#8220; parallax_image=&#8220;4190&#8243; parallax_layers=&#8220;yes&#8220; video_cover=&#8220;3486&#8243; el_class=&#8220;content-padding-mobile-none&#8220;][vc_column width=&#8220;2\/3&#8243; offset=&#8220;vc_col-sm-offset-2&#8243; el_class=&#8220;text-center white-box content-padding&#8220;]<h2 class=\"text-center\"><small>Alles f\u00fcr Ihr Schiff und Ihre Crew<\/small>SkipsWinkel<\/h2><div class='testimonials-carousel  owl-with-navigation' data-owl='{&quot;items&quot;:3,&quot;nav&quot;:true,&quot;navText&quot;:[&quot;Zur\\u00fcck&quot;,&quot;Weiter&quot;],&quot;loop&quot;:true,&quot;autoplay&quot;:true,&quot;autoplayTimeout&quot;:&quot;3000&quot;,&quot;autoplayHoverPause&quot;:true,&quot;responsive&quot;:{&quot;0&quot;:{&quot;items&quot;:1,&quot;dots&quot;:true,&quot;nav&quot;:true},&quot;767&quot;:{&quot;items&quot;:2,&quot;dots&quot;:true},&quot;992&quot;:{&quot;items&quot;:3,&quot;dots&quot;:true}}}'><div class='testimonial'>\n      <h4 class='testimonial-title'>\n      Segel- und Freizeitkleidung          <\/h4>\n        <p>In unserer Kollektion von Segel- und Freizeitbekleidung finden Sie renommierten Top-Marken wie Gaastra, Musto und North Sails.<\/p>\n    <a href='' class='btn-inline btn' target=\"_self\"><\/a>\n<\/div>\n<div class='testimonial'>\n      <h4 class='testimonial-title'>\n      Schiffszubeh\u00f6r          <\/h4>\n        <p>Das Sortiment reicht von Elektronik, Geschenkartikeln, Navigationskarten und -ausr\u00fcstung, Rettungswesten und -fl\u00f6\u00dfen, Gummibooten und -motoren bis hin zu Edelstahlwaren, \u00d6llampen, Wartungsprodukten, Zubeh\u00f6r aus Teakholz, Seilen, Farben und Beleuchtung.<\/p>\n    <a href='' class='btn-inline btn' target=\"_self\"><\/a>\n<\/div>\n<div class='testimonial'>\n      <h4 class='testimonial-title'>\n      Rettungsinseln zu vermieten          <\/h4>\n        <p>Sie k\u00f6nnen auch eine Rettungsinsel in den Wassersportgesch\u00e4ften mieten. Weil eine Rettungsinsel ein Verfalldatum, geht dies nur auf Bestellung. Eine Rettungsinsel enth\u00e4lt zum Beispiel Feuerwerksk\u00f6rper mit einer garantierten Betriebsdauer. Da sie nicht wirklich billig sind, ist das Mieten eine attraktive Option.<\/p>\n    <a href='' class='btn-inline btn' target=\"_self\"><\/a>\n<\/div>\n<div class='testimonial'>\n      <h4 class='testimonial-title'>\n      Laufende Werbeaktionen          <\/h4>\n        <p>Als begeisterter Wassersportler m\u00f6chten Sie qualitativ hochwertige Produkte. Und vorzugsweise zum niedrigsten Preis. Darum haben unsere Wassersportgesch\u00e4ften von April bis Oktober st\u00e4ndig mehr als zweihundert Wassersportartikel f\u00fcr Sie im Angebot!<\/p>\n    <a href='' class='btn-inline btn' target=\"_self\"><\/a>\n<\/div>\n<\/div>[\/vc_column][\/vc_row][vc_row full_width=&#8220;stretch_row&#8220; css=&#8220;.vc_custom_1550674932784{background-position: center !important;background-repeat: no-repeat !important;background-size: cover !important;}&#8220;][vc_column width=&#8220;1\/2&#8243;][vc_single_image image=&#8220;13965&#8243; img_size=&#8220;large&#8220;][\/vc_column][vc_column width=&#8220;1\/2&#8243;][vc_column_text css=&#8220;.vc_custom_1555053589878{padding-top: 80px !important;}&#8220;]\n<h2>Unsere Standorte<\/h2>\n<p class=\"lead\">Besuchen Sie eines unserer Wassersportgesch\u00e4fte in unseren H\u00e4fen oder besuchen Sie SkipsWinkel Sneek.<\/p>\n[\/vc_column_text][\/vc_column][vc_column width=&#8220;1\/2&#8243; offset=&#8220;vc_col-sm-offset-3&#8243; css=&#8220;.vc_custom_1411467083077{margin-top: 5.6rem !important;}&#8220;][vc_column_text css=&#8220;&#8220;]\n<h2 class=\"text-uppercase text-center\" style=\"text-align: center;\">Wassersportgesch\u00e4fte in unseren H\u00e4fen<\/h2>\n<table class=\"table table-responsive\">\n<tbody>\n<tr>\n<td class=\"text-left\" style=\"text-align: center;\"><a href=\"https:\/\/www.jachthavenhindeloopen.nl\/de\/wassersportgeschaeft\/\" target=\"_blank\" rel=\"noopener noreferrer\">Jachthaven Hindeloopen Wassersportgesch\u00e4ft<\/a><\/td>\n<\/tr>\n<tr>\n<td class=\"text-left\" style=\"text-align: center;\"><a href=\"https:\/\/www.marinastavoren.nl\/de\/wassersportgeschaeft\/\" target=\"_blank\" rel=\"noopener noreferrer\">Marina Stavoren Wassersportgesch\u00e4ft<\/a><\/td>\n<\/tr>\n<tr>\n<td class=\"text-left\" style=\"text-align: center;\"><a href=\"https:\/\/www.friesehoek.nl\/de\/wassersportgeschaeft\/\" target=\"_blank\" rel=\"noopener noreferrer\">Jachthaven Friese Hoek Wassersportgesch\u00e4ft<\/a><\/td>\n<\/tr>\n<tr>\n<td class=\"text-left\" style=\"text-align: center;\"><a href=\"https:\/\/www.skipswinkel.com\/skipswinkel\/skipswinkel-sneek\/\" target=\"_blank\" rel=\"noopener noreferrer\">SkipsWinkel Sneek<\/a><\/td>\n<\/tr>\n<tr>\n<td class=\"text-left\" style=\"text-align: center;\"><\/td>\n<\/tr>\n<\/tbody>\n<\/table>\n[\/vc_column_text][\/vc_column][\/vc_row][vc_row][vc_column]<h2 class=\"text-center\"><small>Alles f\u00fcr Ihr Schiff und Ihre Crew<\/small>Unser Sortiment<\/h2><div class='services-carousel  owl-with-navigation' data-owl='{&quot;items&quot;:4,&quot;nav&quot;:true,&quot;navText&quot;:[&quot;Zur\\u00fcck&quot;,&quot;Weiter&quot;],&quot;loop&quot;:true,&quot;autoplay&quot;:true,&quot;autoplayTimeout&quot;:2000,&quot;autoplayHoverPause&quot;:true,&quot;responsive&quot;:{&quot;0&quot;:{&quot;items&quot;:1,&quot;dots&quot;:true,&quot;nav&quot;:true},&quot;767&quot;:{&quot;items&quot;:4,&quot;dots&quot;:true},&quot;992&quot;:{&quot;items&quot;:4,&quot;dots&quot;:true}}}'><div class=\"item\">\n  <a href=\"\" target=\"_self\" class=\"link-image\" title=\"Pers\u00f6nliche Ausr\u00fcstung\"><img decoding=\"async\" width=\"450\" height=\"300\" src=\"https:\/\/www.skipsmaritiem.nl\/wp-content\/uploads\/2019\/02\/skipswinkel-persoonlijke-uitrusting.jpg\" class=\"attachment-large size-large\" alt=\"SkipsWinkel Persoonlijke Uitrusting\" srcset=\"https:\/\/www.skipsmaritiem.nl\/wp-content\/uploads\/2019\/02\/skipswinkel-persoonlijke-uitrusting.jpg 450w, https:\/\/www.skipsmaritiem.nl\/wp-content\/uploads\/2019\/02\/skipswinkel-persoonlijke-uitrusting-300x200.jpg 300w\" sizes=\"(max-width: 450px) 100vw, 450px\" \/><\/a>      <div class=\"item-content\">\n      <h4><a href=\"\" target=\"_self\" >Pers\u00f6nliche Ausr\u00fcstung<\/a><\/h4>      <p>Macht den Aufenthalt auf Ihrem Schiff angenehm!!<\/p>    <\/div>\n  <\/div>\n<div class=\"item\">\n  <a href=\"\" target=\"_self\" class=\"link-image\" title=\"Bootsausr\u00fcstung\"><img decoding=\"async\" width=\"450\" height=\"300\" src=\"https:\/\/www.skipsmaritiem.nl\/wp-content\/uploads\/2019\/02\/bootuitrusting-skipswinkel.jpg\" class=\"attachment-large size-large\" alt=\"Bootuitrusting SkipsWinkel\" srcset=\"https:\/\/www.skipsmaritiem.nl\/wp-content\/uploads\/2019\/02\/bootuitrusting-skipswinkel.jpg 450w, https:\/\/www.skipsmaritiem.nl\/wp-content\/uploads\/2019\/02\/bootuitrusting-skipswinkel-300x200.jpg 300w\" sizes=\"(max-width: 450px) 100vw, 450px\" \/><\/a>      <div class=\"item-content\">\n      <h4><a href=\"\" target=\"_self\" >Bootsausr\u00fcstung<\/a><\/h4>      <p>F\u00fcr alle Wassersport-Accessoires!<\/p>    <\/div>\n  <\/div>\n<div class=\"item\">\n  <a href=\"\" target=\"_self\" class=\"link-image\" title=\"Motoren\"><img decoding=\"async\" width=\"450\" height=\"300\" src=\"https:\/\/www.skipsmaritiem.nl\/wp-content\/uploads\/2019\/02\/skipswinkel-motoren.jpg\" class=\"attachment-large size-large\" alt=\"SkipsWinkel Motoren\" srcset=\"https:\/\/www.skipsmaritiem.nl\/wp-content\/uploads\/2019\/02\/skipswinkel-motoren.jpg 450w, https:\/\/www.skipsmaritiem.nl\/wp-content\/uploads\/2019\/02\/skipswinkel-motoren-300x200.jpg 300w\" sizes=\"(max-width: 450px) 100vw, 450px\" \/><\/a>      <div class=\"item-content\">\n      <h4><a href=\"\" target=\"_self\" >Motoren<\/a><\/h4>      <p>Unbesorgtes fahren!<\/p>    <\/div>\n  <\/div>\n<div class=\"item\">\n  <a href=\"\" target=\"_self\" class=\"link-image\" title=\"Boote\"><img decoding=\"async\" width=\"450\" height=\"300\" src=\"https:\/\/www.skipsmaritiem.nl\/wp-content\/uploads\/2019\/02\/skipswinkel-boten.jpg\" class=\"attachment-large size-large\" alt=\"SkipsWinkel boten\" srcset=\"https:\/\/www.skipsmaritiem.nl\/wp-content\/uploads\/2019\/02\/skipswinkel-boten.jpg 450w, https:\/\/www.skipsmaritiem.nl\/wp-content\/uploads\/2019\/02\/skipswinkel-boten-300x200.jpg 300w\" sizes=\"(max-width: 450px) 100vw, 450px\" \/><\/a>      <div class=\"item-content\">\n      <h4><a href=\"\" target=\"_self\" >Boote<\/a><\/h4>      <p>Ein RIB oder kleines Motorboot? Bei uns sind Sie richtig!<\/p>    <\/div>\n  <\/div>\n<div class=\"item\">\n  <a href=\"\" target=\"_self\" class=\"link-image\" title=\"Spa\u00df\"><img decoding=\"async\" width=\"450\" height=\"300\" src=\"https:\/\/www.skipsmaritiem.nl\/wp-content\/uploads\/2019\/02\/fun-skipswinkel.jpg\" class=\"attachment-large size-large\" alt=\"Fun SkipsWinkel\" srcset=\"https:\/\/www.skipsmaritiem.nl\/wp-content\/uploads\/2019\/02\/fun-skipswinkel.jpg 450w, https:\/\/www.skipsmaritiem.nl\/wp-content\/uploads\/2019\/02\/fun-skipswinkel-300x200.jpg 300w\" sizes=\"(max-width: 450px) 100vw, 450px\" \/><\/a>      <div class=\"item-content\">\n      <h4><a href=\"\" target=\"_self\" >Spa\u00df<\/a><\/h4>      <p>Wir wollen dich aufs Wasser bringen!<\/p>    <\/div>\n  <\/div>\n<\/div>[\/vc_column][\/vc_row]\n<\/div>","protected":false},"excerpt":{"rendered":"<p>[vc_row][vc_column width=&#8220;1\/2&#8243;][vc_column_text css=&#8220;.vc_custom_1732021217024{margin-top: 80px !important;}&#8220;] Skipswinkel Sortiment f\u00fcr alle Altersgruppen Auf der Suche nach Unterteilen f\u00fcr Ihr Schiff, Accessoires f\u00fcr die Schiffseinrichtung, hochqualitative Segelkleidung oder nach modischer Freizeitkleidung? Dan hei\u00dfen wir Sie gerne in einem unserer Wassersportgesch\u00e4fte willkommen. In unseren Gesch\u00e4ften in Hindeloopen, Stavoren, Lemmer und Sneek f\u00fchren wir in allen Bereichen ein umfangreiches Sortiment. Sowohl Alt als auch Jung [&hellip;]<\/p>\n","protected":false},"author":1,"featured_media":0,"parent":0,"menu_order":0,"comment_status":"closed","ping_status":"closed","template":"","meta":{"footnotes":""},"class_list":["post-4408","page","type-page","status-publish","hentry"],"yoast_head":"<!-- This site is optimized with the Yoast SEO plugin v27.6 - https:\/\/yoast.com\/product\/yoast-seo-wordpress\/ -->\n<title>SkipsWinkel - SkipsMaritiem<\/title>\n<meta name=\"description\" content=\"Auf der Suche nach Unterteilen f\u00fcr Ihr Schiff, Accessoires f\u00fcr die Schiffseinrichtung, hochqualitative Segelkleidung oder nach modischer Freizeitkleidung?\" \/>\n<meta name=\"robots\" content=\"index, follow, max-snippet:-1, max-image-preview:large, max-video-preview:-1\" \/>\n<link rel=\"canonical\" href=\"https:\/\/www.skipsmaritiem.nl\/de\/skipswinkel\/\" \/>\n<meta property=\"og:locale\" content=\"de_DE\" \/>\n<meta property=\"og:type\" content=\"article\" \/>\n<meta property=\"og:title\" content=\"SkipsWinkel - SkipsMaritiem\" \/>\n<meta property=\"og:description\" content=\"Auf der Suche nach Unterteilen f\u00fcr Ihr Schiff, Accessoires f\u00fcr die Schiffseinrichtung, hochqualitative Segelkleidung oder nach modischer Freizeitkleidung?\" \/>\n<meta property=\"og:url\" content=\"https:\/\/www.skipsmaritiem.nl\/de\/skipswinkel\/\" \/>\n<meta property=\"og:site_name\" content=\"SkipsMaritiem\" \/>\n<meta property=\"article:modified_time\" content=\"2026-02-25T12:17:40+00:00\" \/>\n<meta name=\"twitter:card\" content=\"summary_large_image\" \/>\n<meta name=\"twitter:label1\" content=\"Gesch\u00e4tzte Lesezeit\" \/>\n\t<meta name=\"twitter:data1\" content=\"2\u00a0Minuten\" \/>\n<script type=\"application\/ld+json\" class=\"yoast-schema-graph\">{\"@context\":\"https:\\\/\\\/schema.org\",\"@graph\":[{\"@type\":\"WebPage\",\"@id\":\"https:\\\/\\\/www.skipsmaritiem.nl\\\/de\\\/skipswinkel\\\/\",\"url\":\"https:\\\/\\\/www.skipsmaritiem.nl\\\/de\\\/skipswinkel\\\/\",\"name\":\"SkipsWinkel - SkipsMaritiem\",\"isPartOf\":{\"@id\":\"https:\\\/\\\/www.skipsmaritiem.nl\\\/de\\\/#website\"},\"datePublished\":\"2019-02-21T11:37:02+00:00\",\"dateModified\":\"2026-02-25T12:17:40+00:00\",\"description\":\"Auf der Suche nach Unterteilen f\u00fcr Ihr Schiff, Accessoires f\u00fcr die Schiffseinrichtung, hochqualitative Segelkleidung oder nach modischer Freizeitkleidung?\",\"breadcrumb\":{\"@id\":\"https:\\\/\\\/www.skipsmaritiem.nl\\\/de\\\/skipswinkel\\\/#breadcrumb\"},\"inLanguage\":\"de\",\"potentialAction\":[{\"@type\":\"ReadAction\",\"target\":[\"https:\\\/\\\/www.skipsmaritiem.nl\\\/de\\\/skipswinkel\\\/\"]}]},{\"@type\":\"BreadcrumbList\",\"@id\":\"https:\\\/\\\/www.skipsmaritiem.nl\\\/de\\\/skipswinkel\\\/#breadcrumb\",\"itemListElement\":[{\"@type\":\"ListItem\",\"position\":1,\"name\":\"Home\",\"item\":\"https:\\\/\\\/www.skipsmaritiem.nl\\\/de\\\/\"},{\"@type\":\"ListItem\",\"position\":2,\"name\":\"SkipsWinkel\"}]},{\"@type\":\"WebSite\",\"@id\":\"https:\\\/\\\/www.skipsmaritiem.nl\\\/de\\\/#website\",\"url\":\"https:\\\/\\\/www.skipsmaritiem.nl\\\/de\\\/\",\"name\":\"SkipsMaritiem\",\"description\":\"Optimaal genieten van de watersport\",\"potentialAction\":[{\"@type\":\"SearchAction\",\"target\":{\"@type\":\"EntryPoint\",\"urlTemplate\":\"https:\\\/\\\/www.skipsmaritiem.nl\\\/de\\\/?s={search_term_string}\"},\"query-input\":{\"@type\":\"PropertyValueSpecification\",\"valueRequired\":true,\"valueName\":\"search_term_string\"}}],\"inLanguage\":\"de\"}]}<\/script>\n<!-- \/ Yoast SEO plugin. -->","yoast_head_json":{"title":"SkipsWinkel - SkipsMaritiem","description":"Auf der Suche nach Unterteilen f\u00fcr Ihr Schiff, Accessoires f\u00fcr die Schiffseinrichtung, hochqualitative Segelkleidung oder nach modischer Freizeitkleidung?","robots":{"index":"index","follow":"follow","max-snippet":"max-snippet:-1","max-image-preview":"max-image-preview:large","max-video-preview":"max-video-preview:-1"},"canonical":"https:\/\/www.skipsmaritiem.nl\/de\/skipswinkel\/","og_locale":"de_DE","og_type":"article","og_title":"SkipsWinkel - SkipsMaritiem","og_description":"Auf der Suche nach Unterteilen f\u00fcr Ihr Schiff, Accessoires f\u00fcr die Schiffseinrichtung, hochqualitative Segelkleidung oder nach modischer Freizeitkleidung?","og_url":"https:\/\/www.skipsmaritiem.nl\/de\/skipswinkel\/","og_site_name":"SkipsMaritiem","article_modified_time":"2026-02-25T12:17:40+00:00","twitter_card":"summary_large_image","twitter_misc":{"Gesch\u00e4tzte Lesezeit":"2\u00a0Minuten"},"schema":{"@context":"https:\/\/schema.org","@graph":[{"@type":"WebPage","@id":"https:\/\/www.skipsmaritiem.nl\/de\/skipswinkel\/","url":"https:\/\/www.skipsmaritiem.nl\/de\/skipswinkel\/","name":"SkipsWinkel - SkipsMaritiem","isPartOf":{"@id":"https:\/\/www.skipsmaritiem.nl\/de\/#website"},"datePublished":"2019-02-21T11:37:02+00:00","dateModified":"2026-02-25T12:17:40+00:00","description":"Auf der Suche nach Unterteilen f\u00fcr Ihr Schiff, Accessoires f\u00fcr die Schiffseinrichtung, hochqualitative Segelkleidung oder nach modischer Freizeitkleidung?","breadcrumb":{"@id":"https:\/\/www.skipsmaritiem.nl\/de\/skipswinkel\/#breadcrumb"},"inLanguage":"de","potentialAction":[{"@type":"ReadAction","target":["https:\/\/www.skipsmaritiem.nl\/de\/skipswinkel\/"]}]},{"@type":"BreadcrumbList","@id":"https:\/\/www.skipsmaritiem.nl\/de\/skipswinkel\/#breadcrumb","itemListElement":[{"@type":"ListItem","position":1,"name":"Home","item":"https:\/\/www.skipsmaritiem.nl\/de\/"},{"@type":"ListItem","position":2,"name":"SkipsWinkel"}]},{"@type":"WebSite","@id":"https:\/\/www.skipsmaritiem.nl\/de\/#website","url":"https:\/\/www.skipsmaritiem.nl\/de\/","name":"SkipsMaritiem","description":"Optimaal genieten van de watersport","potentialAction":[{"@type":"SearchAction","target":{"@type":"EntryPoint","urlTemplate":"https:\/\/www.skipsmaritiem.nl\/de\/?s={search_term_string}"},"query-input":{"@type":"PropertyValueSpecification","valueRequired":true,"valueName":"search_term_string"}}],"inLanguage":"de"}]}},"_links":{"self":[{"href":"https:\/\/www.skipsmaritiem.nl\/de\/wp-json\/wp\/v2\/pages\/4408","targetHints":{"allow":["GET"]}}],"collection":[{"href":"https:\/\/www.skipsmaritiem.nl\/de\/wp-json\/wp\/v2\/pages"}],"about":[{"href":"https:\/\/www.skipsmaritiem.nl\/de\/wp-json\/wp\/v2\/types\/page"}],"author":[{"embeddable":true,"href":"https:\/\/www.skipsmaritiem.nl\/de\/wp-json\/wp\/v2\/users\/1"}],"replies":[{"embeddable":true,"href":"https:\/\/www.skipsmaritiem.nl\/de\/wp-json\/wp\/v2\/comments?post=4408"}],"version-history":[{"count":16,"href":"https:\/\/www.skipsmaritiem.nl\/de\/wp-json\/wp\/v2\/pages\/4408\/revisions"}],"predecessor-version":[{"id":14387,"href":"https:\/\/www.skipsmaritiem.nl\/de\/wp-json\/wp\/v2\/pages\/4408\/revisions\/14387"}],"wp:attachment":[{"href":"https:\/\/www.skipsmaritiem.nl\/de\/wp-json\/wp\/v2\/media?parent=4408"}],"curies":[{"name":"wp","href":"https:\/\/api.w.org\/{rel}","templated":true}]}}