{"id":4338,"date":"2019-02-25T12:33:27","date_gmt":"2019-02-25T12:33:27","guid":{"rendered":"https:\/\/skipsmaritiem.xdialogue-demo.nl\/camping-sudermeer\/"},"modified":"2026-02-25T16:06:05","modified_gmt":"2026-02-25T14:06:05","slug":"camping-sudermeer","status":"publish","type":"page","link":"https:\/\/www.skipsmaritiem.nl\/de\/camping-sudermeer\/","title":{"rendered":"Camping S\u00fadermeer"},"content":{"rendered":"<div class=\"wpb-content-wrapper\">[vc_row][vc_column width=&#8220;1\/2&#8243;][vc_column_text]\n<p class=\"lead\">Der Campingplatz S\u00fadermeer liegt auf Laufabstand zum IJsselmeer\u00a0 und dem historischen St\u00e4dtchen Stavoren, seines Zeichens Hansestadt und Mitglied der \u201eElf St\u00e4dte\u201c. Durch die einmalige Lage zwischen den friesischen Seen und dem IJsselmeer bietet Ihnen dieser Campingplatz sehr viele Wassersportoptionen.<\/p>\n<h3>Natur, Wassersport &amp; mehr<\/h3>\n<p>Aufgrund seiner Lage zwischen den Friesischen Seen und dem IJsselmeer bietet der Camping zahlreiche Wassersportm\u00f6glichkeiten, wie zum Beispiel eine Kanutour durch das Gaasterland. Die W\u00e4lder und Kliffe vom Gaasterland erreicht man einfach mit dem Fahrrad.<\/p>\n<p><a class=\"btn btn-secundary modal-button\" href=\"https:\/\/www.marinastavoren.nl\/camping-sudermeer\/de\/\" target=\"_blank\" rel=\"noopener noreferrer\">Besuchen Sie die Website von Camping S\u00fadermeer<br \/>\n<\/a>[\/vc_column_text][\/vc_column][vc_column width=&#8220;1\/2&#8243;][vc_single_image image=&#8220;4226&#8243; img_size=&#8220;large&#8220;][\/vc_column][\/vc_row][vc_row full_width=&#8220;stretch_row&#8220; parallax=&#8220;content-moving&#8220; css=&#8220;.vc_custom_1555529517855{background-image: url(https:\/\/www.skipsmaritiem.nl\/wp-content\/uploads\/2019\/02\/camping-sudermeer-2.jpg?id=4228) !important;background-position: center;background-repeat: no-repeat !important;background-size: cover !important;}&#8220;][vc_column width=&#8220;1\/2&#8243;][vc_column_text el_class=&#8220;white-box content-padding&#8220;]\n<h2 id=\"cove\" class=\"text-uppercase\">Einrichtungen<\/h2>\n<p>Der Campingplatz S\u00fadermeer ist ein ruhiges und \u00fcbersichtliches kleines Campinggel\u00e4nde. In einem zentral gelegenen Geb\u00e4ude finden Sie saubere Duschen, Toiletten und Waschbecken f\u00fcr den Abwasch. F\u00fcr k\u00f6rperlich behinderte G\u00e4ste gibt es einen speziell angepassten Sanit\u00e4rraum. Der Campingplatz hat eine feste Verbindung zum Innenhafen der Marina Stavoren. Dort gibt es ein Hallenbad, ein Wassersportgesch\u00e4ft mit Supermarktabteilung, einen kleinen Fitnessraum, eine Spielwiese, einen Spielraum im Innern sowie das Esscaf\u00e9 Skippers Inn.\u00a0In der Hochsaison organisiert \u201a\u201aSkippy der Skipper\u2018\u2018 dort allerlei Aktivit\u00e4ten f\u00fcr Kinder.<\/p>\n<p><a class=\"btn btn-secundary modal-button\" href=\"https:\/\/www.marinastavoren.nl\/camping-sudermeer\/de\/\" target=\"_blank\" rel=\"noopener noreferrer\">Besuchen Sie die Website von Camping S\u00fadermeer<br \/>\n<\/a>[\/vc_column_text][\/vc_column][vc_column width=&#8220;1\/2&#8243;][vc_single_image image=&#8220;4230&#8243; img_size=&#8220;large&#8220;][\/vc_column][\/vc_row][vc_row][vc_column width=&#8220;1\/2&#8243;][vc_column_text css=&#8220;&#8220;]\n<h2 id=\"view\" class=\"text-uppercase text-center\" style=\"text-align: center;\">Wohnmobil-Stellpl\u00e4tze beim Au\u00dfenhafen<\/h2>\n<p style=\"text-align: center;\"><a href=\"https:\/\/skipsmaritiem.xdialogue-demo.nl\/wp-content\/uploads\/2019\/02\/camperplaats-camping-sudermeer.jpg\"><img decoding=\"async\" class=\"alignnone wp-image-3673 size-full\" src=\"https:\/\/skipsmaritiem.xdialogue-demo.nl\/wp-content\/uploads\/2019\/02\/camperplaats-camping-sudermeer.jpg\" alt=\"Camperplaats Camping Sudermeer\" width=\"843\" height=\"632\" srcset=\"https:\/\/www.skipsmaritiem.nl\/wp-content\/uploads\/2019\/02\/camperplaats-camping-sudermeer.jpg 843w, https:\/\/www.skipsmaritiem.nl\/wp-content\/uploads\/2019\/02\/camperplaats-camping-sudermeer-300x225.jpg 300w, https:\/\/www.skipsmaritiem.nl\/wp-content\/uploads\/2019\/02\/camperplaats-camping-sudermeer-768x576.jpg 768w\" sizes=\"(max-width: 843px) 100vw, 843px\" \/><\/a><\/p>\n<p style=\"text-align: center;\">Neben dem \u201a\u201aCampingplatz S\u00fadermeer\u2018\u2018 haben wir auch Pl\u00e4tze f\u00fcr Wohnmobile. Diese Pl\u00e4tze liegen au\u00dfen vor dem Deich an einer sehr sch\u00f6nen Stelle, beim Au\u00dfenhafen der Marina Stavoren, gegen\u00fcber des Strandpavillons De Potvis.<\/p>\n<p style=\"text-align: center;\"><a class=\"btn btn-inline\" href=\"https:\/\/www.marinastavoren.nl\/de\/camping-sudermeer\/wohnmobil-stellplaetze\/\" target=\"_blank\" rel=\"noopener noreferrer\">Weitere Informationen<\/a><\/p>\n[\/vc_column_text][\/vc_column][\/vc_row][vc_row full_width=&#8220;stretch_row&#8220; parallax=&#8220;content-moving&#8220; css=&#8220;.vc_custom_1555529532006{background-image: url(https:\/\/www.skipsmaritiem.nl\/wp-content\/uploads\/2019\/02\/bg-skipslodge.jpg?id=4238) !important;background-position: center;background-repeat: no-repeat !important;background-size: cover !important;}&#8220;][vc_column width=&#8220;1\/2&#8243;][vc_single_image image=&#8220;4236&#8243; img_size=&#8220;large&#8220;][\/vc_column][vc_column width=&#8220;1\/2&#8243;][vc_column_text el_class=&#8220;white-box content-padding&#8220;]\n<h2 id=\"cove\" class=\"text-uppercase\" style=\"text-align: left;\">Mieten Sie unsere SkipsLodge<\/h2>\n<p>M\u00f6chten Sie Urlaub mit Ihrer Familie machen? Oder besuchen Sie Freunde oder Familienmitglieder und suchen Sie eine Unterkunft? Mieten Sie dann unsere SkipsLodge! Unsere SkipsLodge befindet sich auf dem Jachthafengel\u00e4nde von Marina Stavoren, neben dem Spielplatz und nur einen Steinwurf vom Sanit\u00e4rgeb\u00e4ude, dem Hallenbad und der Lounge entfernt.<br \/>\nSie k\u00f6nnen die SkipsLodge f\u00fcr eine Woche, ein Wochenende oder von Montag bis Freitag mieten.<\/p>\n<p><a class=\"btn btn-inline\" href=\"https:\/\/www.marinastavoren.nl\/camping-sudermeer\/de\/skipslodge\/\" target=\"_blank\" rel=\"noopener noreferrer\">Weitere Information SkipsLodge<\/a>[\/vc_column_text][\/vc_column][\/vc_row][vc_row][vc_column width=&#8220;7\/12&#8243;]<div class='xtd-gmap  ' data-latitude='52.879270' data-longitude='5.373490' data-latitude-center='52.879270' data-longitude-center='5.373490' data-type='ROADMAP' data-zoom='14' data-theme='' data-height='500' data-title='Camping Sudermeer'><\/div>[\/vc_column][vc_column width=&#8220;1\/3&#8243;][vc_column_text]\n<h3>Kontaktdaten<\/h3>\n<p>Middelweg 15<br \/>\n8715 ET Stavoren<\/p>\n<p>Allgemein: +31 (0)88-0504126<br \/>\nHafenburo: +31 (0)88-0504110<\/p>\n<p>info@marinastavoren.com[\/vc_column_text][\/vc_column][\/vc_row]\n<\/div>","protected":false},"excerpt":{"rendered":"<p>[vc_row][vc_column width=&#8220;1\/2&#8243;][vc_column_text] Der Campingplatz S\u00fadermeer liegt auf Laufabstand zum IJsselmeer\u00a0 und dem historischen St\u00e4dtchen Stavoren, seines Zeichens Hansestadt und Mitglied der \u201eElf St\u00e4dte\u201c. Durch die einmalige Lage zwischen den friesischen Seen und dem IJsselmeer bietet Ihnen dieser Campingplatz sehr viele Wassersportoptionen. Natur, Wassersport &amp; mehr Aufgrund seiner Lage zwischen den Friesischen Seen und dem IJsselmeer bietet der Camping zahlreiche Wassersportm\u00f6glichkeiten, [&hellip;]<\/p>\n","protected":false},"author":1,"featured_media":0,"parent":0,"menu_order":0,"comment_status":"closed","ping_status":"closed","template":"","meta":{"footnotes":""},"class_list":["post-4338","page","type-page","status-publish","hentry"],"yoast_head":"<!-- This site is optimized with the Yoast SEO plugin v27.4 - https:\/\/yoast.com\/product\/yoast-seo-wordpress\/ -->\n<title>Camping S\u00fadermeer - SkipsMaritiem<\/title>\n<meta name=\"description\" content=\"Der Campingplatz S\u00fadermeer liegt auf Laufabstand zum IJsselmeer und dem historischen St\u00e4dtchen Stavoren, seines Zeichens Hansestadt.\" \/>\n<meta name=\"robots\" content=\"index, follow, max-snippet:-1, max-image-preview:large, max-video-preview:-1\" \/>\n<link rel=\"canonical\" href=\"https:\/\/www.skipsmaritiem.nl\/de\/camping-sudermeer\/\" \/>\n<meta property=\"og:locale\" content=\"de_DE\" \/>\n<meta property=\"og:type\" content=\"article\" \/>\n<meta property=\"og:title\" content=\"Camping S\u00fadermeer - SkipsMaritiem\" \/>\n<meta property=\"og:description\" content=\"Der Campingplatz S\u00fadermeer liegt auf Laufabstand zum IJsselmeer und dem historischen St\u00e4dtchen Stavoren, seines Zeichens Hansestadt.\" \/>\n<meta property=\"og:url\" content=\"https:\/\/www.skipsmaritiem.nl\/de\/camping-sudermeer\/\" \/>\n<meta property=\"og:site_name\" content=\"SkipsMaritiem\" \/>\n<meta property=\"article:modified_time\" content=\"2026-02-25T14:06:05+00:00\" \/>\n<meta property=\"og:image\" content=\"https:\/\/skipsmaritiem.xdialogue-demo.nl\/wp-content\/uploads\/2019\/02\/camperplaats-camping-sudermeer.jpg\" \/>\n<meta name=\"twitter:card\" content=\"summary_large_image\" \/>\n<meta name=\"twitter:label1\" content=\"Gesch\u00e4tzte Lesezeit\" \/>\n\t<meta name=\"twitter:data1\" content=\"2\u00a0Minuten\" \/>\n<script type=\"application\/ld+json\" class=\"yoast-schema-graph\">{\"@context\":\"https:\\\/\\\/schema.org\",\"@graph\":[{\"@type\":\"WebPage\",\"@id\":\"https:\\\/\\\/www.skipsmaritiem.nl\\\/de\\\/camping-sudermeer\\\/\",\"url\":\"https:\\\/\\\/www.skipsmaritiem.nl\\\/de\\\/camping-sudermeer\\\/\",\"name\":\"Camping S\u00fadermeer - SkipsMaritiem\",\"isPartOf\":{\"@id\":\"https:\\\/\\\/www.skipsmaritiem.nl\\\/de\\\/#website\"},\"primaryImageOfPage\":{\"@id\":\"https:\\\/\\\/www.skipsmaritiem.nl\\\/de\\\/camping-sudermeer\\\/#primaryimage\"},\"image\":{\"@id\":\"https:\\\/\\\/www.skipsmaritiem.nl\\\/de\\\/camping-sudermeer\\\/#primaryimage\"},\"thumbnailUrl\":\"https:\\\/\\\/skipsmaritiem.xdialogue-demo.nl\\\/wp-content\\\/uploads\\\/2019\\\/02\\\/camperplaats-camping-sudermeer.jpg\",\"datePublished\":\"2019-02-25T12:33:27+00:00\",\"dateModified\":\"2026-02-25T14:06:05+00:00\",\"description\":\"Der Campingplatz S\u00fadermeer liegt auf Laufabstand zum IJsselmeer und dem historischen St\u00e4dtchen Stavoren, seines Zeichens Hansestadt.\",\"breadcrumb\":{\"@id\":\"https:\\\/\\\/www.skipsmaritiem.nl\\\/de\\\/camping-sudermeer\\\/#breadcrumb\"},\"inLanguage\":\"de\",\"potentialAction\":[{\"@type\":\"ReadAction\",\"target\":[\"https:\\\/\\\/www.skipsmaritiem.nl\\\/de\\\/camping-sudermeer\\\/\"]}]},{\"@type\":\"ImageObject\",\"inLanguage\":\"de\",\"@id\":\"https:\\\/\\\/www.skipsmaritiem.nl\\\/de\\\/camping-sudermeer\\\/#primaryimage\",\"url\":\"https:\\\/\\\/skipsmaritiem.xdialogue-demo.nl\\\/wp-content\\\/uploads\\\/2019\\\/02\\\/camperplaats-camping-sudermeer.jpg\",\"contentUrl\":\"https:\\\/\\\/skipsmaritiem.xdialogue-demo.nl\\\/wp-content\\\/uploads\\\/2019\\\/02\\\/camperplaats-camping-sudermeer.jpg\"},{\"@type\":\"BreadcrumbList\",\"@id\":\"https:\\\/\\\/www.skipsmaritiem.nl\\\/de\\\/camping-sudermeer\\\/#breadcrumb\",\"itemListElement\":[{\"@type\":\"ListItem\",\"position\":1,\"name\":\"Home\",\"item\":\"https:\\\/\\\/www.skipsmaritiem.nl\\\/de\\\/\"},{\"@type\":\"ListItem\",\"position\":2,\"name\":\"Camping S\u00fadermeer\"}]},{\"@type\":\"WebSite\",\"@id\":\"https:\\\/\\\/www.skipsmaritiem.nl\\\/de\\\/#website\",\"url\":\"https:\\\/\\\/www.skipsmaritiem.nl\\\/de\\\/\",\"name\":\"SkipsMaritiem\",\"description\":\"Optimaal genieten van de watersport\",\"potentialAction\":[{\"@type\":\"SearchAction\",\"target\":{\"@type\":\"EntryPoint\",\"urlTemplate\":\"https:\\\/\\\/www.skipsmaritiem.nl\\\/de\\\/?s={search_term_string}\"},\"query-input\":{\"@type\":\"PropertyValueSpecification\",\"valueRequired\":true,\"valueName\":\"search_term_string\"}}],\"inLanguage\":\"de\"}]}<\/script>\n<!-- \/ Yoast SEO plugin. -->","yoast_head_json":{"title":"Camping S\u00fadermeer - SkipsMaritiem","description":"Der Campingplatz S\u00fadermeer liegt auf Laufabstand zum IJsselmeer und dem historischen St\u00e4dtchen Stavoren, seines Zeichens Hansestadt.","robots":{"index":"index","follow":"follow","max-snippet":"max-snippet:-1","max-image-preview":"max-image-preview:large","max-video-preview":"max-video-preview:-1"},"canonical":"https:\/\/www.skipsmaritiem.nl\/de\/camping-sudermeer\/","og_locale":"de_DE","og_type":"article","og_title":"Camping S\u00fadermeer - SkipsMaritiem","og_description":"Der Campingplatz S\u00fadermeer liegt auf Laufabstand zum IJsselmeer und dem historischen St\u00e4dtchen Stavoren, seines Zeichens Hansestadt.","og_url":"https:\/\/www.skipsmaritiem.nl\/de\/camping-sudermeer\/","og_site_name":"SkipsMaritiem","article_modified_time":"2026-02-25T14:06:05+00:00","og_image":[{"url":"https:\/\/skipsmaritiem.xdialogue-demo.nl\/wp-content\/uploads\/2019\/02\/camperplaats-camping-sudermeer.jpg","type":"","width":"","height":""}],"twitter_card":"summary_large_image","twitter_misc":{"Gesch\u00e4tzte Lesezeit":"2\u00a0Minuten"},"schema":{"@context":"https:\/\/schema.org","@graph":[{"@type":"WebPage","@id":"https:\/\/www.skipsmaritiem.nl\/de\/camping-sudermeer\/","url":"https:\/\/www.skipsmaritiem.nl\/de\/camping-sudermeer\/","name":"Camping S\u00fadermeer - SkipsMaritiem","isPartOf":{"@id":"https:\/\/www.skipsmaritiem.nl\/de\/#website"},"primaryImageOfPage":{"@id":"https:\/\/www.skipsmaritiem.nl\/de\/camping-sudermeer\/#primaryimage"},"image":{"@id":"https:\/\/www.skipsmaritiem.nl\/de\/camping-sudermeer\/#primaryimage"},"thumbnailUrl":"https:\/\/skipsmaritiem.xdialogue-demo.nl\/wp-content\/uploads\/2019\/02\/camperplaats-camping-sudermeer.jpg","datePublished":"2019-02-25T12:33:27+00:00","dateModified":"2026-02-25T14:06:05+00:00","description":"Der Campingplatz S\u00fadermeer liegt auf Laufabstand zum IJsselmeer und dem historischen St\u00e4dtchen Stavoren, seines Zeichens Hansestadt.","breadcrumb":{"@id":"https:\/\/www.skipsmaritiem.nl\/de\/camping-sudermeer\/#breadcrumb"},"inLanguage":"de","potentialAction":[{"@type":"ReadAction","target":["https:\/\/www.skipsmaritiem.nl\/de\/camping-sudermeer\/"]}]},{"@type":"ImageObject","inLanguage":"de","@id":"https:\/\/www.skipsmaritiem.nl\/de\/camping-sudermeer\/#primaryimage","url":"https:\/\/skipsmaritiem.xdialogue-demo.nl\/wp-content\/uploads\/2019\/02\/camperplaats-camping-sudermeer.jpg","contentUrl":"https:\/\/skipsmaritiem.xdialogue-demo.nl\/wp-content\/uploads\/2019\/02\/camperplaats-camping-sudermeer.jpg"},{"@type":"BreadcrumbList","@id":"https:\/\/www.skipsmaritiem.nl\/de\/camping-sudermeer\/#breadcrumb","itemListElement":[{"@type":"ListItem","position":1,"name":"Home","item":"https:\/\/www.skipsmaritiem.nl\/de\/"},{"@type":"ListItem","position":2,"name":"Camping S\u00fadermeer"}]},{"@type":"WebSite","@id":"https:\/\/www.skipsmaritiem.nl\/de\/#website","url":"https:\/\/www.skipsmaritiem.nl\/de\/","name":"SkipsMaritiem","description":"Optimaal genieten van de watersport","potentialAction":[{"@type":"SearchAction","target":{"@type":"EntryPoint","urlTemplate":"https:\/\/www.skipsmaritiem.nl\/de\/?s={search_term_string}"},"query-input":{"@type":"PropertyValueSpecification","valueRequired":true,"valueName":"search_term_string"}}],"inLanguage":"de"}]}},"_links":{"self":[{"href":"https:\/\/www.skipsmaritiem.nl\/de\/wp-json\/wp\/v2\/pages\/4338","targetHints":{"allow":["GET"]}}],"collection":[{"href":"https:\/\/www.skipsmaritiem.nl\/de\/wp-json\/wp\/v2\/pages"}],"about":[{"href":"https:\/\/www.skipsmaritiem.nl\/de\/wp-json\/wp\/v2\/types\/page"}],"author":[{"embeddable":true,"href":"https:\/\/www.skipsmaritiem.nl\/de\/wp-json\/wp\/v2\/users\/1"}],"replies":[{"embeddable":true,"href":"https:\/\/www.skipsmaritiem.nl\/de\/wp-json\/wp\/v2\/comments?post=4338"}],"version-history":[{"count":15,"href":"https:\/\/www.skipsmaritiem.nl\/de\/wp-json\/wp\/v2\/pages\/4338\/revisions"}],"predecessor-version":[{"id":14401,"href":"https:\/\/www.skipsmaritiem.nl\/de\/wp-json\/wp\/v2\/pages\/4338\/revisions\/14401"}],"wp:attachment":[{"href":"https:\/\/www.skipsmaritiem.nl\/de\/wp-json\/wp\/v2\/media?parent=4338"}],"curies":[{"name":"wp","href":"https:\/\/api.w.org\/{rel}","templated":true}]}}